{"id":2205,"date":"2026-02-26T05:16:48","date_gmt":"2026-02-26T05:16:48","guid":{"rendered":"https:\/\/futurelab.digital\/proyectos\/"},"modified":"2026-03-16T17:45:00","modified_gmt":"2026-03-16T17:45:00","slug":"proyectos","status":"publish","type":"page","link":"https:\/\/futurelab.digital\/es\/proyectos\/","title":{"rendered":"Proyectos"},"content":{"rendered":"\n<div class=\"wp-block-cover alignfull is-light has-fl_base-mobile-min-height\" style=\"min-height:50px;aspect-ratio:unset;;--fl_base-mobile-min-height:900px;\"><span aria-hidden=\"true\" class=\"wp-block-cover__background has-background-dim-0 has-background-dim\"><\/span><div class=\"wp-block-cover__inner-container has-global-padding is-layout-constrained wp-block-cover-is-layout-constrained\">\n<div class=\"wp-block-group alignwide has-global-padding is-content-justification-center is-layout-constrained wp-block-group-is-layout-constrained\" style=\"padding-top:var(--wp--preset--spacing--70)\">\n<div class=\"wp-block-columns alignfull are-vertically-aligned-center is-style-space-between-reverse is-layout-flex wp-container-core-columns-is-layout-29244a23 wp-block-columns-is-layout-flex\" style=\"padding-top:0;padding-bottom:var(--wp--preset--spacing--60)\">\n<div class=\"wp-block-column is-vertically-aligned-center is-layout-flow wp-block-column-is-layout-flow\">\n<h2 class=\"wp-block-heading has-6-xl-font-size\" style=\"font-style:normal;font-weight:600\">Cooperaci\u00f3n activa<\/h2>\n\n\n\n<p class=\"is-style-default hero-desc has-xl-font-size\" style=\"font-style:normal;font-weight:500\">Algunos ejemplos de c\u00f3mo pensamos, dise\u00f1amos y construimos junto a las organizaciones para simplificar los desaf\u00edos del crecimiento.<\/p>\n\n\n\n<figure class=\"wp-block-image alignright size-full hero-img\" style=\"margin-top:var(--wp--preset--spacing--60)\"><img data-recalc-dims=\"1\" loading=\"lazy\" decoding=\"async\" width=\"425\" height=\"388\" src=\"https:\/\/i0.wp.com\/futurelab.digital\/wp-content\/uploads\/2026\/02\/Asset-8%402x-8-1.png?resize=425%2C388&#038;ssl=1\" alt=\"\" class=\"wp-image-19\" srcset=\"https:\/\/i0.wp.com\/futurelab.digital\/wp-content\/uploads\/2026\/02\/Asset-8%402x-8-1.png?w=425&amp;ssl=1 425w, https:\/\/i0.wp.com\/futurelab.digital\/wp-content\/uploads\/2026\/02\/Asset-8%402x-8-1.png?resize=300%2C274&amp;ssl=1 300w\" sizes=\"auto, (max-width: 425px) 100vw, 425px\" \/><\/figure>\n<\/div>\n<\/div>\n<\/div>\n<\/div><\/div>\n\n<div class=\"wp-block-query alignwide projects-loop is-layout-flow wp-block-query-is-layout-flow\"><ul class=\"columns-1 alignwide wp-block-post-template is-layout-grid wp-container-core-post-template-is-layout-19505109 wp-block-post-template-is-layout-grid\"><li class=\"wp-block-post post-2080 project type-project status-publish has-post-thumbnail hentry\">\n\n<div class=\"wp-block-group has-global-padding is-layout-constrained wp-block-group-is-layout-constrained\" style=\"border-top-color:var(--wp--preset--color--cyan-bluish-gray);border-top-width:1px;padding-top:var(--wp--preset--spacing--40);padding-bottom:0\">\n<div class=\"wp-block-columns alignwide is-layout-flex wp-container-core-columns-is-layout-14cf5ab5 wp-block-columns-is-layout-flex\">\n<div class=\"wp-block-column is-vertically-aligned-center is-layout-flow wp-block-column-is-layout-flow\"><figure class=\"wp-block-post-featured-image\"><img data-recalc-dims=\"1\" loading=\"lazy\" decoding=\"async\" width=\"600\" height=\"400\" src=\"https:\/\/i0.wp.com\/futurelab.digital\/wp-content\/uploads\/2026\/02\/Working.png?resize=600%2C400&#038;ssl=1\" class=\"attachment-post-thumbnail size-post-thumbnail wp-post-image\" alt=\"\" style=\"object-fit:cover;\" srcset=\"https:\/\/i0.wp.com\/futurelab.digital\/wp-content\/uploads\/2026\/02\/Working.png?w=600&amp;ssl=1 600w, https:\/\/i0.wp.com\/futurelab.digital\/wp-content\/uploads\/2026\/02\/Working.png?resize=300%2C200&amp;ssl=1 300w\" sizes=\"auto, (max-width: 600px) 100vw, 600px\" \/><\/figure><\/div>\n\n\n\n<div class=\"wp-block-column is-vertically-aligned-top is-layout-flow wp-block-column-is-layout-flow\" style=\"padding-top:var(--wp--preset--spacing--50);padding-right:var(--wp--preset--spacing--30);padding-left:var(--wp--preset--spacing--30)\"><h2 class=\"wp-block-post-title has-2-xl-font-size\">Inventing the Future Under Pressure<\/h2>\n\n<div class=\"wp-block-post-excerpt has-xl-font-size\"><p class=\"wp-block-post-excerpt__excerpt\">Background Some stories begin with a blank canvas. Others begin in the middle of momentum. This one began at speed. A fast growing global company,&hellip; <\/p><\/div>\n\n\n\n<a style=\"margin-bottom:var(--wp--preset--spacing--70);\" class=\"wp-block-read-more\" href=\"https:\/\/futurelab.digital\/es\/projects\/project\/inventing-the-future-under-pressure\/\" target=\"_self\">M\u00edralo aqu\u00ed<span class=\"screen-reader-text\">: Inventing the Future Under Pressure<\/span><\/a><\/div>\n<\/div>\n\n\n\n<div style=\"height:50px\" aria-hidden=\"true\" class=\"wp-block-spacer\"><\/div>\n<\/div>\n\n<\/li><li class=\"wp-block-post post-2084 project type-project status-publish hentry\">\n\n<div class=\"wp-block-group has-global-padding is-layout-constrained wp-block-group-is-layout-constrained\" style=\"border-top-color:var(--wp--preset--color--cyan-bluish-gray);border-top-width:1px;padding-top:var(--wp--preset--spacing--40);padding-bottom:0\">\n<div class=\"wp-block-columns alignwide is-layout-flex wp-container-core-columns-is-layout-14cf5ab5 wp-block-columns-is-layout-flex\">\n<div class=\"wp-block-column is-vertically-aligned-center is-layout-flow wp-block-column-is-layout-flow\"><figure class=\"wp-block-post-featured-image\"><img decoding=\"async\" src=\"https:\/\/placehold.co\/600x400\" alt=\"Impulsar el crecimiento mediante alianzas estrat\u00e9gicas\" class=\"wp-post-image\" loading=\"lazy\" style=\"object-fit:cover;\" \/><\/figure><\/div>\n\n\n\n<div class=\"wp-block-column is-vertically-aligned-top is-layout-flow wp-block-column-is-layout-flow\" style=\"padding-top:var(--wp--preset--spacing--50);padding-right:var(--wp--preset--spacing--30);padding-left:var(--wp--preset--spacing--30)\"><h2 class=\"wp-block-post-title has-2-xl-font-size\">Impulsar el crecimiento mediante alianzas estrat\u00e9gicas<\/h2>\n\n<div class=\"wp-block-post-excerpt has-xl-font-size\"><p class=\"wp-block-post-excerpt__excerpt\">C\u00f3mo trabajamos junto con Auckland Eye para transformar su entorno digital, maximizar su visibilidad y alcanzarr resultados s\u00f3lidos De la frustraci\u00f3n al despegue estrat\u00e9gico Hace&hellip; <\/p><\/div>\n\n\n\n<a style=\"margin-bottom:var(--wp--preset--spacing--70);\" class=\"wp-block-read-more\" href=\"https:\/\/futurelab.digital\/es\/projects\/project\/inventing-the-future-of-patient-growth\/\" target=\"_self\">M\u00edralo aqu\u00ed<span class=\"screen-reader-text\">: Impulsar el crecimiento mediante alianzas estrat\u00e9gicas<\/span><\/a><\/div>\n<\/div>\n\n\n\n<div style=\"height:50px\" aria-hidden=\"true\" class=\"wp-block-spacer\"><\/div>\n<\/div>\n\n<\/li><li class=\"wp-block-post post-2186 project type-project status-publish has-post-thumbnail hentry\">\n\n<div class=\"wp-block-group has-global-padding is-layout-constrained wp-block-group-is-layout-constrained\" style=\"border-top-color:var(--wp--preset--color--cyan-bluish-gray);border-top-width:1px;padding-top:var(--wp--preset--spacing--40);padding-bottom:0\">\n<div class=\"wp-block-columns alignwide is-layout-flex wp-container-core-columns-is-layout-14cf5ab5 wp-block-columns-is-layout-flex\">\n<div class=\"wp-block-column is-vertically-aligned-center is-layout-flow wp-block-column-is-layout-flow\"><figure class=\"wp-block-post-featured-image\"><img data-recalc-dims=\"1\" loading=\"lazy\" decoding=\"async\" width=\"645\" height=\"500\" src=\"https:\/\/i0.wp.com\/futurelab.digital\/wp-content\/uploads\/2026\/02\/Image-2.jpg?resize=645%2C500&#038;ssl=1\" class=\"attachment-post-thumbnail size-post-thumbnail wp-post-image\" alt=\"\" style=\"object-fit:cover;\" srcset=\"https:\/\/i0.wp.com\/futurelab.digital\/wp-content\/uploads\/2026\/02\/Image-2.jpg?w=645&amp;ssl=1 645w, https:\/\/i0.wp.com\/futurelab.digital\/wp-content\/uploads\/2026\/02\/Image-2.jpg?resize=300%2C233&amp;ssl=1 300w\" sizes=\"auto, (max-width: 645px) 100vw, 645px\" \/><\/figure><\/div>\n\n\n\n<div class=\"wp-block-column is-vertically-aligned-top is-layout-flow wp-block-column-is-layout-flow\" style=\"padding-top:var(--wp--preset--spacing--50);padding-right:var(--wp--preset--spacing--30);padding-left:var(--wp--preset--spacing--30)\"><h2 class=\"wp-block-post-title has-2-xl-font-size\">Mussel App<\/h2>\n\n<div class=\"wp-block-post-excerpt has-xl-font-size\"><p class=\"wp-block-post-excerpt__excerpt\">Mussel App Una plataforma de gesti\u00f3n acu\u00edcola potenciada con Inteligencia Artificial Mussel App es una plataforma innovadora para la gesti\u00f3n acu\u00edcola, dise\u00f1ada para revolucionar la&hellip; <\/p><\/div>\n\n\n\n<a style=\"margin-bottom:var(--wp--preset--spacing--70);\" class=\"wp-block-read-more\" href=\"https:\/\/futurelab.digital\/es\/projects\/project\/mussel-app\/\" target=\"_self\">M\u00edralo aqu\u00ed<span class=\"screen-reader-text\">: Mussel App<\/span><\/a><\/div>\n<\/div>\n\n\n\n<div style=\"height:50px\" aria-hidden=\"true\" class=\"wp-block-spacer\"><\/div>\n<\/div>\n\n<\/li><\/ul>\n\n\n<div style=\"height:1.5em\" aria-hidden=\"true\" class=\"wp-block-spacer\"><\/div>\n\n\n\n\n<\/div>\n","protected":false},"excerpt":{"rendered":"","protected":false},"author":1,"featured_media":0,"parent":0,"menu_order":0,"comment_status":"closed","ping_status":"closed","template":"","meta":{"footnotes":""},"class_list":["post-2205","page","type-page","status-publish","hentry"],"yoast_head":"<!-- This site is optimized with the Yoast SEO plugin v27.5 - https:\/\/yoast.com\/product\/yoast-seo-wordpress\/ -->\n<title>Proyectos - Futurelab<\/title>\n<meta name=\"robots\" content=\"index, follow, max-snippet:-1, max-image-preview:large, max-video-preview:-1\" \/>\n<link rel=\"canonical\" href=\"https:\/\/futurelab.digital\/es\/proyectos\/\" \/>\n<meta property=\"og:locale\" content=\"es_ES\" \/>\n<meta property=\"og:type\" content=\"article\" \/>\n<meta property=\"og:title\" content=\"Proyectos - Futurelab\" \/>\n<meta property=\"og:url\" content=\"https:\/\/futurelab.digital\/es\/proyectos\/\" \/>\n<meta property=\"og:site_name\" content=\"Futurelab\" \/>\n<meta property=\"article:modified_time\" content=\"2026-03-16T17:45:00+00:00\" \/>\n<meta property=\"og:image\" content=\"https:\/\/futurelab.digital\/wp-content\/uploads\/2026\/02\/Asset-8@2x-8-1.png\" \/>\n<meta name=\"twitter:card\" content=\"summary_large_image\" \/>\n<script type=\"application\/ld+json\" class=\"yoast-schema-graph\">{\"@context\":\"https:\\\/\\\/schema.org\",\"@graph\":[{\"@type\":\"WebPage\",\"@id\":\"https:\\\/\\\/futurelab.digital\\\/es\\\/proyectos\\\/\",\"url\":\"https:\\\/\\\/futurelab.digital\\\/es\\\/proyectos\\\/\",\"name\":\"Proyectos - Futurelab\",\"isPartOf\":{\"@id\":\"https:\\\/\\\/futurelab.digital\\\/es\\\/#website\"},\"primaryImageOfPage\":{\"@id\":\"https:\\\/\\\/futurelab.digital\\\/es\\\/proyectos\\\/#primaryimage\"},\"image\":{\"@id\":\"https:\\\/\\\/futurelab.digital\\\/es\\\/proyectos\\\/#primaryimage\"},\"thumbnailUrl\":\"https:\\\/\\\/futurelab.digital\\\/wp-content\\\/uploads\\\/2026\\\/02\\\/Asset-8@2x-8-1.png\",\"datePublished\":\"2026-02-26T05:16:48+00:00\",\"dateModified\":\"2026-03-16T17:45:00+00:00\",\"breadcrumb\":{\"@id\":\"https:\\\/\\\/futurelab.digital\\\/es\\\/proyectos\\\/#breadcrumb\"},\"inLanguage\":\"es\",\"potentialAction\":[{\"@type\":\"ReadAction\",\"target\":[\"https:\\\/\\\/futurelab.digital\\\/es\\\/proyectos\\\/\"]}]},{\"@type\":\"ImageObject\",\"inLanguage\":\"es\",\"@id\":\"https:\\\/\\\/futurelab.digital\\\/es\\\/proyectos\\\/#primaryimage\",\"url\":\"https:\\\/\\\/futurelab.digital\\\/wp-content\\\/uploads\\\/2026\\\/02\\\/Asset-8@2x-8-1.png\",\"contentUrl\":\"https:\\\/\\\/futurelab.digital\\\/wp-content\\\/uploads\\\/2026\\\/02\\\/Asset-8@2x-8-1.png\"},{\"@type\":\"BreadcrumbList\",\"@id\":\"https:\\\/\\\/futurelab.digital\\\/es\\\/proyectos\\\/#breadcrumb\",\"itemListElement\":[{\"@type\":\"ListItem\",\"position\":1,\"name\":\"Home\",\"item\":\"https:\\\/\\\/futurelab.digital\\\/es\\\/\"},{\"@type\":\"ListItem\",\"position\":2,\"name\":\"Proyectos\"}]},{\"@type\":\"WebSite\",\"@id\":\"https:\\\/\\\/futurelab.digital\\\/es\\\/#website\",\"url\":\"https:\\\/\\\/futurelab.digital\\\/es\\\/\",\"name\":\"Futurelab\",\"description\":\"\",\"publisher\":{\"@id\":\"https:\\\/\\\/futurelab.digital\\\/es\\\/#organization\"},\"potentialAction\":[{\"@type\":\"SearchAction\",\"target\":{\"@type\":\"EntryPoint\",\"urlTemplate\":\"https:\\\/\\\/futurelab.digital\\\/es\\\/?s={search_term_string}\"},\"query-input\":{\"@type\":\"PropertyValueSpecification\",\"valueRequired\":true,\"valueName\":\"search_term_string\"}}],\"inLanguage\":\"es\"},{\"@type\":\"Organization\",\"@id\":\"https:\\\/\\\/futurelab.digital\\\/es\\\/#organization\",\"name\":\"Futurelab\",\"url\":\"https:\\\/\\\/futurelab.digital\\\/es\\\/\",\"logo\":{\"@type\":\"ImageObject\",\"inLanguage\":\"es\",\"@id\":\"https:\\\/\\\/futurelab.digital\\\/es\\\/#\\\/schema\\\/logo\\\/image\\\/\",\"url\":\"https:\\\/\\\/futurelab.digital\\\/wp-content\\\/uploads\\\/2026\\\/02\\\/fl-logo.svg\",\"contentUrl\":\"https:\\\/\\\/futurelab.digital\\\/wp-content\\\/uploads\\\/2026\\\/02\\\/fl-logo.svg\",\"caption\":\"Futurelab\"},\"image\":{\"@id\":\"https:\\\/\\\/futurelab.digital\\\/es\\\/#\\\/schema\\\/logo\\\/image\\\/\"}}]}<\/script>\n<!-- \/ Yoast SEO plugin. -->","yoast_head_json":{"title":"Proyectos - Futurelab","robots":{"index":"index","follow":"follow","max-snippet":"max-snippet:-1","max-image-preview":"max-image-preview:large","max-video-preview":"max-video-preview:-1"},"canonical":"https:\/\/futurelab.digital\/es\/proyectos\/","og_locale":"es_ES","og_type":"article","og_title":"Proyectos - Futurelab","og_url":"https:\/\/futurelab.digital\/es\/proyectos\/","og_site_name":"Futurelab","article_modified_time":"2026-03-16T17:45:00+00:00","og_image":[{"url":"https:\/\/futurelab.digital\/wp-content\/uploads\/2026\/02\/Asset-8@2x-8-1.png","type":"","width":"","height":""}],"twitter_card":"summary_large_image","schema":{"@context":"https:\/\/schema.org","@graph":[{"@type":"WebPage","@id":"https:\/\/futurelab.digital\/es\/proyectos\/","url":"https:\/\/futurelab.digital\/es\/proyectos\/","name":"Proyectos - Futurelab","isPartOf":{"@id":"https:\/\/futurelab.digital\/es\/#website"},"primaryImageOfPage":{"@id":"https:\/\/futurelab.digital\/es\/proyectos\/#primaryimage"},"image":{"@id":"https:\/\/futurelab.digital\/es\/proyectos\/#primaryimage"},"thumbnailUrl":"https:\/\/futurelab.digital\/wp-content\/uploads\/2026\/02\/Asset-8@2x-8-1.png","datePublished":"2026-02-26T05:16:48+00:00","dateModified":"2026-03-16T17:45:00+00:00","breadcrumb":{"@id":"https:\/\/futurelab.digital\/es\/proyectos\/#breadcrumb"},"inLanguage":"es","potentialAction":[{"@type":"ReadAction","target":["https:\/\/futurelab.digital\/es\/proyectos\/"]}]},{"@type":"ImageObject","inLanguage":"es","@id":"https:\/\/futurelab.digital\/es\/proyectos\/#primaryimage","url":"https:\/\/futurelab.digital\/wp-content\/uploads\/2026\/02\/Asset-8@2x-8-1.png","contentUrl":"https:\/\/futurelab.digital\/wp-content\/uploads\/2026\/02\/Asset-8@2x-8-1.png"},{"@type":"BreadcrumbList","@id":"https:\/\/futurelab.digital\/es\/proyectos\/#breadcrumb","itemListElement":[{"@type":"ListItem","position":1,"name":"Home","item":"https:\/\/futurelab.digital\/es\/"},{"@type":"ListItem","position":2,"name":"Proyectos"}]},{"@type":"WebSite","@id":"https:\/\/futurelab.digital\/es\/#website","url":"https:\/\/futurelab.digital\/es\/","name":"Futurelab","description":"","publisher":{"@id":"https:\/\/futurelab.digital\/es\/#organization"},"potentialAction":[{"@type":"SearchAction","target":{"@type":"EntryPoint","urlTemplate":"https:\/\/futurelab.digital\/es\/?s={search_term_string}"},"query-input":{"@type":"PropertyValueSpecification","valueRequired":true,"valueName":"search_term_string"}}],"inLanguage":"es"},{"@type":"Organization","@id":"https:\/\/futurelab.digital\/es\/#organization","name":"Futurelab","url":"https:\/\/futurelab.digital\/es\/","logo":{"@type":"ImageObject","inLanguage":"es","@id":"https:\/\/futurelab.digital\/es\/#\/schema\/logo\/image\/","url":"https:\/\/futurelab.digital\/wp-content\/uploads\/2026\/02\/fl-logo.svg","contentUrl":"https:\/\/futurelab.digital\/wp-content\/uploads\/2026\/02\/fl-logo.svg","caption":"Futurelab"},"image":{"@id":"https:\/\/futurelab.digital\/es\/#\/schema\/logo\/image\/"}}]}},"jetpack_sharing_enabled":true,"_links":{"self":[{"href":"https:\/\/futurelab.digital\/es\/wp-json\/wp\/v2\/pages\/2205","targetHints":{"allow":["GET"]}}],"collection":[{"href":"https:\/\/futurelab.digital\/es\/wp-json\/wp\/v2\/pages"}],"about":[{"href":"https:\/\/futurelab.digital\/es\/wp-json\/wp\/v2\/types\/page"}],"author":[{"embeddable":true,"href":"https:\/\/futurelab.digital\/es\/wp-json\/wp\/v2\/users\/1"}],"replies":[{"embeddable":true,"href":"https:\/\/futurelab.digital\/es\/wp-json\/wp\/v2\/comments?post=2205"}],"version-history":[{"count":3,"href":"https:\/\/futurelab.digital\/es\/wp-json\/wp\/v2\/pages\/2205\/revisions"}],"predecessor-version":[{"id":2209,"href":"https:\/\/futurelab.digital\/es\/wp-json\/wp\/v2\/pages\/2205\/revisions\/2209"}],"wp:attachment":[{"href":"https:\/\/futurelab.digital\/es\/wp-json\/wp\/v2\/media?parent=2205"}],"curies":[{"name":"wp","href":"https:\/\/api.w.org\/{rel}","templated":true}]}}